{"id":120,"date":"2022-06-19T13:15:47","date_gmt":"2022-06-19T13:15:47","guid":{"rendered":"http:\/\/skalaservis.8u.cz\/?page_id=120"},"modified":"2024-03-02T15:46:54","modified_gmt":"2024-03-02T14:46:54","slug":"nas-pribeh","status":"publish","type":"page","link":"https:\/\/skalaservis.cz\/web\/skalaservis\/nas-pribeh\/","title":{"rendered":"N\u00c1\u0160 P\u0158\u00cdB\u011aH"},"content":{"rendered":"\t\t<div data-elementor-type=\"wp-page\" data-elementor-id=\"120\" class=\"elementor elementor-120\">\n\t\t\t\t\t\t<section class=\"elementor-section elementor-top-section elementor-element elementor-element-1338116 elementor-section-height-min-height elementor-section-content-top elementor-section-boxed elementor-section-height-default elementor-section-items-middle\" data-id=\"1338116\" data-element_type=\"section\">\n\t\t\t\t\t\t\t<div class=\"elementor-background-overlay\"><\/div>\n\t\t\t\t\t\t\t<div class=\"elementor-container elementor-column-gap-no\">\n\t\t\t\t\t<div class=\"elementor-column elementor-col-100 elementor-top-column elementor-element elementor-element-4fa2bc0\" data-id=\"4fa2bc0\" data-element_type=\"column\">\n\t\t\t<div class=\"elementor-widget-wrap elementor-element-populated\">\n\t\t\t\t\t\t<div class=\"elementor-element elementor-element-e310cdf e-transform elementor-invisible elementor-widget elementor-widget-text-editor\" data-id=\"e310cdf\" data-element_type=\"widget\" data-settings=\"{&quot;_animation&quot;:&quot;fadeInUp&quot;,&quot;_transform_scale_effect&quot;:{&quot;unit&quot;:&quot;px&quot;,&quot;size&quot;:1.100000000000000088817841970012523233890533447265625,&quot;sizes&quot;:[]},&quot;_transform_scale_effect_tablet&quot;:{&quot;unit&quot;:&quot;px&quot;,&quot;size&quot;:&quot;&quot;,&quot;sizes&quot;:[]},&quot;_transform_scale_effect_mobile&quot;:{&quot;unit&quot;:&quot;px&quot;,&quot;size&quot;:&quot;&quot;,&quot;sizes&quot;:[]}}\" data-widget_type=\"text-editor.default\">\n\t\t\t\t<div class=\"elementor-widget-container\">\n\t\t\t<style>\/*! elementor - v3.19.0 - 28-02-2024 *\/\n.elementor-widget-text-editor.elementor-drop-cap-view-stacked .elementor-drop-cap{background-color:#69727d;color:#fff}.elementor-widget-text-editor.elementor-drop-cap-view-framed .elementor-drop-cap{color:#69727d;border:3px solid;background-color:transparent}.elementor-widget-text-editor:not(.elementor-drop-cap-view-default) .elementor-drop-cap{margin-top:8px}.elementor-widget-text-editor:not(.elementor-drop-cap-view-default) .elementor-drop-cap-letter{width:1em;height:1em}.elementor-widget-text-editor .elementor-drop-cap{float:left;text-align:center;line-height:1;font-size:50px}.elementor-widget-text-editor .elementor-drop-cap-letter{display:inline-block}<\/style>\t\t\t\t<p>Na\u0161i rodinnou firmu zalo\u017eil ji\u017e p\u0159ed 30 lety m\u016fj otec Franti\u0161ek Skala. A\u010dkoli za\u010d\u00e1tky nebyly zcela r\u016f\u017eov\u00e9, dnes u\u017e jako dal\u0161\u00ed generace rodiny Skal\u016f napom\u00e1h\u00e1me, aby \u017e\u00e1dn\u00fd stroj nez\u016fstal dlouho st\u00e1t.<\/p><p>S n\u00e1stupem dal\u0161\u00ed etapy nab\u00edz\u00edme nov\u00e9 tuzemsk\u00e9 i zahrani\u010dn\u00ed produkty od kvalitn\u00edch dodavatel\u016f. Ve vlastn\u00edch skladov\u00fdch prostorech, kter\u00e9 n\u00e1m umo\u017enily roz\u0161\u00ed\u0159it nab\u00edzen\u00fd sortiment, m\u016f\u017eete koupit v\u0161e od mati\u010dky na t\u011bsn\u011bn\u00ed, p\u0159es chladi\u010d, po pot\u0159ebn\u00e9 dopl\u0148ky na dojen\u00ed ml\u00e9ka. D\u00e1le prov\u00e1d\u00edme v\u00fdrobu a servis hydraulick\u00fdch hadic z kvalitn\u00edch materi\u00e1l\u016f.<\/p><p>Otcovu my\u0161lenku vdechnout star\u00fdm rozbit\u00fdm d\u00edl\u016fm du\u0161i nazp\u011bt, t\u00edm u\u0161et\u0159it \u017eivotn\u00ed prost\u0159ed\u00ed a Va\u0161e n\u00e1klady, st\u00e1le udr\u017eujeme. I nad\u00e1le se tato idea t\u011b\u0161\u00ed \u0161irok\u00e9 oblib\u011b, proto nab\u00edz\u00edme n\u00e1hradn\u00ed d\u00edly v\u00fdm\u011bnn\u00fdm zp\u016fsobem.<\/p><p>D\u00edky na\u0161\u00ed rodinn\u00e9 tradici, dlouholet\u00fdm zku\u0161enostem, v\u00fdborn\u00fdm obchodn\u00edm kontakt\u016fm a pozitivn\u00edm p\u0159\u00edstupem k V\u00e1m, troufnu si \u0159\u00edci, jsme obl\u00edben\u00fdm podnikem pro maloobchod i velkoobchod nap\u0159\u00ed\u010d obory.<\/p><p>Hlavn\u00edm c\u00edlem na\u0161eho rodinn\u00e9ho kolektivu je, co nejl\u00e9pe a nejrychleji naplnit Va\u0161e p\u0159\u00e1n\u00ed a po\u017eadavky odborn\u011b a p\u0159\u00e1telsky.<\/p><p style=\"padding-left: 40px;\">Roman Skala<\/p>\t\t\t\t\t\t<\/div>\n\t\t\t\t<\/div>\n\t\t\t\t<div class=\"elementor-element elementor-element-04738b2 e-transform elementor-widget elementor-widget-image\" data-id=\"04738b2\" data-element_type=\"widget\" data-settings=\"{&quot;_transform_translateY_effect&quot;:{&quot;unit&quot;:&quot;px&quot;,&quot;size&quot;:10,&quot;sizes&quot;:[]},&quot;_transform_translateX_effect&quot;:{&quot;unit&quot;:&quot;px&quot;,&quot;size&quot;:&quot;&quot;,&quot;sizes&quot;:[]},&quot;_transform_translateX_effect_tablet&quot;:{&quot;unit&quot;:&quot;px&quot;,&quot;size&quot;:&quot;&quot;,&quot;sizes&quot;:[]},&quot;_transform_translateX_effect_mobile&quot;:{&quot;unit&quot;:&quot;px&quot;,&quot;size&quot;:&quot;&quot;,&quot;sizes&quot;:[]},&quot;_transform_translateY_effect_tablet&quot;:{&quot;unit&quot;:&quot;px&quot;,&quot;size&quot;:&quot;&quot;,&quot;sizes&quot;:[]},&quot;_transform_translateY_effect_mobile&quot;:{&quot;unit&quot;:&quot;px&quot;,&quot;size&quot;:&quot;&quot;,&quot;sizes&quot;:[]}}\" data-widget_type=\"image.default\">\n\t\t\t\t<div class=\"elementor-widget-container\">\n\t\t\t<style>\/*! elementor - v3.19.0 - 28-02-2024 *\/\n.elementor-widget-image{text-align:center}.elementor-widget-image a{display:inline-block}.elementor-widget-image a img[src$=\".svg\"]{width:48px}.elementor-widget-image img{vertical-align:middle;display:inline-block}<\/style>\t\t\t\t\t\t\t<figure class=\"wp-caption\">\n\t\t\t\t\t\t\t\t\t\t<img decoding=\"async\" src=\"https:\/\/skalaservis.cz\/web\/wp-content\/uploads\/2022\/06\/sk-2.png\" title=\"sk 2\" alt=\"sk 2\" loading=\"lazy\" \/>\t\t\t\t\t\t\t\t\t\t\t<figcaption class=\"widget-image-caption wp-caption-text\"><\/figcaption>\n\t\t\t\t\t\t\t\t\t\t<\/figure>\n\t\t\t\t\t\t\t<\/div>\n\t\t\t\t<\/div>\n\t\t\t\t\t<\/div>\n\t\t<\/div>\n\t\t\t\t\t<\/div>\n\t\t<\/section>\n\t\t\t\t<\/div>\n\t\t","protected":false},"excerpt":{"rendered":"<p>Na\u0161i rodinnou firmu zalo\u017eil ji\u017e p\u0159ed 30 lety m\u016fj otec Franti\u0161ek Skala. A\u010dkoli za\u010d\u00e1tky nebyly zcela r\u016f\u017eov\u00e9, dnes u\u017e jako [&hellip;]<\/p>\n","protected":false},"author":1,"featured_media":0,"parent":152,"menu_order":3,"comment_status":"closed","ping_status":"closed","template":"","meta":{"site-sidebar-layout":"default","site-content-layout":"","ast-site-content-layout":"","site-content-style":"default","site-sidebar-style":"default","ast-global-header-display":"","ast-banner-title-visibility":"","ast-main-header-display":"","ast-hfb-above-header-display":"","ast-hfb-below-header-display":"","ast-hfb-mobile-header-display":"","site-post-title":"","ast-breadcrumbs-content":"","ast-featured-img":"","footer-sml-layout":"","theme-transparent-header-meta":"","adv-header-id-meta":"","stick-header-meta":"","header-above-stick-meta":"","header-main-stick-meta":"","header-below-stick-meta":"","astra-migrate-meta-layouts":"default","ast-page-background-enabled":"default","ast-page-background-meta":{"desktop":{"background-color":"var(--ast-global-color-4)","background-image":"","background-repeat":"repeat","background-position":"center center","background-size":"auto","background-attachment":"scroll","background-type":"","background-media":"","overlay-type":"","overlay-color":"","overlay-gradient":""},"tablet":{"background-color":"","background-image":"","background-repeat":"repeat","background-position":"center center","background-size":"auto","background-attachment":"scroll","background-type":"","background-media":"","overlay-type":"","overlay-color":"","overlay-gradient":""},"mobile":{"background-color":"","background-image":"","background-repeat":"repeat","background-position":"center center","background-size":"auto","background-attachment":"scroll","background-type":"","background-media":"","overlay-type":"","overlay-color":"","overlay-gradient":""}},"ast-content-background-meta":{"desktop":{"background-color":"var(--ast-global-color-5)","background-image":"","background-repeat":"repeat","background-position":"center center","background-size":"auto","background-attachment":"scroll","background-type":"","background-media":"","overlay-type":"","overlay-color":"","overlay-gradient":""},"tablet":{"background-color":"var(--ast-global-color-5)","background-image":"","background-repeat":"repeat","background-position":"center center","background-size":"auto","background-attachment":"scroll","background-type":"","background-media":"","overlay-type":"","overlay-color":"","overlay-gradient":""},"mobile":{"background-color":"var(--ast-global-color-5)","background-image":"","background-repeat":"repeat","background-position":"center center","background-size":"auto","background-attachment":"scroll","background-type":"","background-media":"","overlay-type":"","overlay-color":"","overlay-gradient":""}},"footnotes":""},"class_list":["post-120","page","type-page","status-publish","hentry"],"yoast_head":"<!-- This site is optimized with the Yoast SEO plugin v22.1 - https:\/\/yoast.com\/wordpress\/plugins\/seo\/ -->\n<title>N\u00c1\u0160 P\u0158\u00cdB\u011aH -<\/title>\n<meta name=\"robots\" content=\"index, follow, max-snippet:-1, max-image-preview:large, max-video-preview:-1\" \/>\n<link rel=\"canonical\" href=\"https:\/\/skalaservis.cz\/web\/skalaservis\/nas-pribeh\/\" \/>\n<meta property=\"og:locale\" content=\"cs_CZ\" \/>\n<meta property=\"og:type\" content=\"article\" \/>\n<meta property=\"og:title\" content=\"N\u00c1\u0160 P\u0158\u00cdB\u011aH -\" \/>\n<meta property=\"og:description\" content=\"Na\u0161i rodinnou firmu zalo\u017eil ji\u017e p\u0159ed 30 lety m\u016fj otec Franti\u0161ek Skala. A\u010dkoli za\u010d\u00e1tky nebyly zcela r\u016f\u017eov\u00e9, dnes u\u017e jako [&hellip;]\" \/>\n<meta property=\"og:url\" content=\"https:\/\/skalaservis.cz\/web\/skalaservis\/nas-pribeh\/\" \/>\n<meta property=\"article:modified_time\" content=\"2024-03-02T14:46:54+00:00\" \/>\n<meta property=\"og:image\" content=\"https:\/\/skalaservis.cz\/web\/wp-content\/uploads\/2022\/06\/sk-2.png\" \/>\n<meta name=\"twitter:card\" content=\"summary_large_image\" \/>\n<meta name=\"twitter:label1\" content=\"Odhadovan\u00e1 doba \u010dten\u00ed\" \/>\n\t<meta name=\"twitter:data1\" content=\"2 minuty\" \/>\n<script type=\"application\/ld+json\" class=\"yoast-schema-graph\">{\"@context\":\"https:\/\/schema.org\",\"@graph\":[{\"@type\":\"WebPage\",\"@id\":\"https:\/\/skalaservis.cz\/web\/skalaservis\/nas-pribeh\/\",\"url\":\"https:\/\/skalaservis.cz\/web\/skalaservis\/nas-pribeh\/\",\"name\":\"N\u00c1\u0160 P\u0158\u00cdB\u011aH -\",\"isPartOf\":{\"@id\":\"https:\/\/skalaservis.cz\/web\/#website\"},\"datePublished\":\"2022-06-19T13:15:47+00:00\",\"dateModified\":\"2024-03-02T14:46:54+00:00\",\"breadcrumb\":{\"@id\":\"https:\/\/skalaservis.cz\/web\/skalaservis\/nas-pribeh\/#breadcrumb\"},\"inLanguage\":\"cs\",\"potentialAction\":[{\"@type\":\"ReadAction\",\"target\":[\"https:\/\/skalaservis.cz\/web\/skalaservis\/nas-pribeh\/\"]}]},{\"@type\":\"BreadcrumbList\",\"@id\":\"https:\/\/skalaservis.cz\/web\/skalaservis\/nas-pribeh\/#breadcrumb\",\"itemListElement\":[{\"@type\":\"ListItem\",\"position\":1,\"name\":\"Dom\u016f\",\"item\":\"https:\/\/skalaservis.cz\/web\/\"},{\"@type\":\"ListItem\",\"position\":2,\"name\":\"\u00daVOD\",\"item\":\"https:\/\/skalaservis.cz\/web\/\"},{\"@type\":\"ListItem\",\"position\":3,\"name\":\"N\u00c1\u0160 P\u0158\u00cdB\u011aH\"}]},{\"@type\":\"WebSite\",\"@id\":\"https:\/\/skalaservis.cz\/web\/#website\",\"url\":\"https:\/\/skalaservis.cz\/web\/\",\"name\":\"\",\"description\":\"\",\"publisher\":{\"@id\":\"https:\/\/skalaservis.cz\/web\/#organization\"},\"potentialAction\":[{\"@type\":\"SearchAction\",\"target\":{\"@type\":\"EntryPoint\",\"urlTemplate\":\"https:\/\/skalaservis.cz\/web\/?s={search_term_string}\"},\"query-input\":\"required name=search_term_string\"}],\"inLanguage\":\"cs\"},{\"@type\":\"Organization\",\"@id\":\"https:\/\/skalaservis.cz\/web\/#organization\",\"name\":\"Skalaservis\",\"url\":\"https:\/\/skalaservis.cz\/web\/\",\"logo\":{\"@type\":\"ImageObject\",\"inLanguage\":\"cs\",\"@id\":\"https:\/\/skalaservis.cz\/web\/#\/schema\/logo\/image\/\",\"url\":\"https:\/\/skalaservis.cz\/web\/wp-content\/uploads\/2022\/10\/skalasevis-04-e1706379405623.png\",\"contentUrl\":\"https:\/\/skalaservis.cz\/web\/wp-content\/uploads\/2022\/10\/skalasevis-04-e1706379405623.png\",\"width\":1530,\"height\":479,\"caption\":\"Skalaservis\"},\"image\":{\"@id\":\"https:\/\/skalaservis.cz\/web\/#\/schema\/logo\/image\/\"}}]}<\/script>\n<!-- \/ Yoast SEO plugin. -->","yoast_head_json":{"title":"N\u00c1\u0160 P\u0158\u00cdB\u011aH -","robots":{"index":"index","follow":"follow","max-snippet":"max-snippet:-1","max-image-preview":"max-image-preview:large","max-video-preview":"max-video-preview:-1"},"canonical":"https:\/\/skalaservis.cz\/web\/skalaservis\/nas-pribeh\/","og_locale":"cs_CZ","og_type":"article","og_title":"N\u00c1\u0160 P\u0158\u00cdB\u011aH -","og_description":"Na\u0161i rodinnou firmu zalo\u017eil ji\u017e p\u0159ed 30 lety m\u016fj otec Franti\u0161ek Skala. A\u010dkoli za\u010d\u00e1tky nebyly zcela r\u016f\u017eov\u00e9, dnes u\u017e jako [&hellip;]","og_url":"https:\/\/skalaservis.cz\/web\/skalaservis\/nas-pribeh\/","article_modified_time":"2024-03-02T14:46:54+00:00","og_image":[{"url":"https:\/\/skalaservis.cz\/web\/wp-content\/uploads\/2022\/06\/sk-2.png"}],"twitter_card":"summary_large_image","twitter_misc":{"Odhadovan\u00e1 doba \u010dten\u00ed":"2 minuty"},"schema":{"@context":"https:\/\/schema.org","@graph":[{"@type":"WebPage","@id":"https:\/\/skalaservis.cz\/web\/skalaservis\/nas-pribeh\/","url":"https:\/\/skalaservis.cz\/web\/skalaservis\/nas-pribeh\/","name":"N\u00c1\u0160 P\u0158\u00cdB\u011aH -","isPartOf":{"@id":"https:\/\/skalaservis.cz\/web\/#website"},"datePublished":"2022-06-19T13:15:47+00:00","dateModified":"2024-03-02T14:46:54+00:00","breadcrumb":{"@id":"https:\/\/skalaservis.cz\/web\/skalaservis\/nas-pribeh\/#breadcrumb"},"inLanguage":"cs","potentialAction":[{"@type":"ReadAction","target":["https:\/\/skalaservis.cz\/web\/skalaservis\/nas-pribeh\/"]}]},{"@type":"BreadcrumbList","@id":"https:\/\/skalaservis.cz\/web\/skalaservis\/nas-pribeh\/#breadcrumb","itemListElement":[{"@type":"ListItem","position":1,"name":"Dom\u016f","item":"https:\/\/skalaservis.cz\/web\/"},{"@type":"ListItem","position":2,"name":"\u00daVOD","item":"https:\/\/skalaservis.cz\/web\/"},{"@type":"ListItem","position":3,"name":"N\u00c1\u0160 P\u0158\u00cdB\u011aH"}]},{"@type":"WebSite","@id":"https:\/\/skalaservis.cz\/web\/#website","url":"https:\/\/skalaservis.cz\/web\/","name":"","description":"","publisher":{"@id":"https:\/\/skalaservis.cz\/web\/#organization"},"potentialAction":[{"@type":"SearchAction","target":{"@type":"EntryPoint","urlTemplate":"https:\/\/skalaservis.cz\/web\/?s={search_term_string}"},"query-input":"required name=search_term_string"}],"inLanguage":"cs"},{"@type":"Organization","@id":"https:\/\/skalaservis.cz\/web\/#organization","name":"Skalaservis","url":"https:\/\/skalaservis.cz\/web\/","logo":{"@type":"ImageObject","inLanguage":"cs","@id":"https:\/\/skalaservis.cz\/web\/#\/schema\/logo\/image\/","url":"https:\/\/skalaservis.cz\/web\/wp-content\/uploads\/2022\/10\/skalasevis-04-e1706379405623.png","contentUrl":"https:\/\/skalaservis.cz\/web\/wp-content\/uploads\/2022\/10\/skalasevis-04-e1706379405623.png","width":1530,"height":479,"caption":"Skalaservis"},"image":{"@id":"https:\/\/skalaservis.cz\/web\/#\/schema\/logo\/image\/"}}]}},"_links":{"self":[{"href":"https:\/\/skalaservis.cz\/web\/wp-json\/wp\/v2\/pages\/120","targetHints":{"allow":["GET"]}}],"collection":[{"href":"https:\/\/skalaservis.cz\/web\/wp-json\/wp\/v2\/pages"}],"about":[{"href":"https:\/\/skalaservis.cz\/web\/wp-json\/wp\/v2\/types\/page"}],"author":[{"embeddable":true,"href":"https:\/\/skalaservis.cz\/web\/wp-json\/wp\/v2\/users\/1"}],"replies":[{"embeddable":true,"href":"https:\/\/skalaservis.cz\/web\/wp-json\/wp\/v2\/comments?post=120"}],"version-history":[{"count":21,"href":"https:\/\/skalaservis.cz\/web\/wp-json\/wp\/v2\/pages\/120\/revisions"}],"predecessor-version":[{"id":1201,"href":"https:\/\/skalaservis.cz\/web\/wp-json\/wp\/v2\/pages\/120\/revisions\/1201"}],"up":[{"embeddable":true,"href":"https:\/\/skalaservis.cz\/web\/wp-json\/wp\/v2\/pages\/152"}],"wp:attachment":[{"href":"https:\/\/skalaservis.cz\/web\/wp-json\/wp\/v2\/media?parent=120"}],"curies":[{"name":"wp","href":"https:\/\/api.w.org\/{rel}","templated":true}]}}