{"id":15,"date":"2022-06-18T07:21:56","date_gmt":"2022-06-18T07:21:56","guid":{"rendered":"http:\/\/skalaservis.8u.cz\/?page_id=15"},"modified":"2024-03-02T15:27:47","modified_gmt":"2024-03-02T14:27:47","slug":"kontakt","status":"publish","type":"page","link":"https:\/\/skalaservis.cz\/web\/skalaservis\/nas-pribeh\/nabidka\/oteviraci-doba\/kontakt\/","title":{"rendered":"KONTAKT"},"content":{"rendered":"\t\t<div data-elementor-type=\"wp-page\" data-elementor-id=\"15\" class=\"elementor elementor-15\">\n\t\t\t\t\t\t<section class=\"elementor-section elementor-top-section elementor-element elementor-element-a0b486a elementor-section-full_width elementor-section-height-default elementor-section-height-default\" data-id=\"a0b486a\" data-element_type=\"section\">\n\t\t\t\t\t\t<div class=\"elementor-container elementor-column-gap-default\">\n\t\t\t\t\t<div class=\"elementor-column elementor-col-100 elementor-top-column elementor-element elementor-element-486286d\" data-id=\"486286d\" data-element_type=\"column\">\n\t\t\t<div class=\"elementor-widget-wrap elementor-element-populated\">\n\t\t\t\t\t\t<div class=\"elementor-element elementor-element-69f452c e-transform elementor-widget elementor-widget-google_maps\" data-id=\"69f452c\" data-element_type=\"widget\" data-settings=\"{&quot;_transform_translateX_effect&quot;:{&quot;unit&quot;:&quot;px&quot;,&quot;size&quot;:0,&quot;sizes&quot;:[]},&quot;_transform_translateY_effect&quot;:{&quot;unit&quot;:&quot;px&quot;,&quot;size&quot;:86,&quot;sizes&quot;:[]},&quot;_transform_translateY_effect_mobile&quot;:{&quot;unit&quot;:&quot;px&quot;,&quot;size&quot;:33,&quot;sizes&quot;:[]},&quot;_animation&quot;:&quot;none&quot;,&quot;_transform_translateX_effect_tablet&quot;:{&quot;unit&quot;:&quot;px&quot;,&quot;size&quot;:&quot;&quot;,&quot;sizes&quot;:[]},&quot;_transform_translateX_effect_mobile&quot;:{&quot;unit&quot;:&quot;px&quot;,&quot;size&quot;:&quot;&quot;,&quot;sizes&quot;:[]},&quot;_transform_translateY_effect_tablet&quot;:{&quot;unit&quot;:&quot;px&quot;,&quot;size&quot;:&quot;&quot;,&quot;sizes&quot;:[]}}\" data-widget_type=\"google_maps.default\">\n\t\t\t\t<div class=\"elementor-widget-container\">\n\t\t\t<style>\/*! elementor - v3.19.0 - 28-02-2024 *\/\n.elementor-widget-google_maps .elementor-widget-container{overflow:hidden}.elementor-widget-google_maps .elementor-custom-embed{line-height:0}.elementor-widget-google_maps iframe{height:300px}<\/style>\t\t<div class=\"elementor-custom-embed\">\n\t\t\t<iframe loading=\"lazy\"\n\t\t\t\t\tsrc=\"https:\/\/maps.google.com\/maps?q=Skala%20servis&#038;t=m&#038;z=13&#038;output=embed&#038;iwloc=near\"\n\t\t\t\t\ttitle=\"Skala servis\"\n\t\t\t\t\taria-label=\"Skala servis\"\n\t\t\t><\/iframe>\n\t\t<\/div>\n\t\t\t\t<\/div>\n\t\t\t\t<\/div>\n\t\t\t\t<div class=\"elementor-element elementor-element-2b7be2b elementor-align-left elementor-widget__width-auto e-transform elementor-mobile-align-left elementor-list-item-link-full_width elementor-invisible elementor-widget elementor-widget-icon-list\" data-id=\"2b7be2b\" data-element_type=\"widget\" data-settings=\"{&quot;_animation&quot;:&quot;fadeInUp&quot;,&quot;_transform_translateX_effect&quot;:{&quot;unit&quot;:&quot;px&quot;,&quot;size&quot;:7,&quot;sizes&quot;:[]},&quot;_transform_translateX_effect_mobile&quot;:{&quot;unit&quot;:&quot;px&quot;,&quot;size&quot;:10,&quot;sizes&quot;:[]},&quot;_transform_translateY_effect_mobile&quot;:{&quot;unit&quot;:&quot;px&quot;,&quot;size&quot;:30,&quot;sizes&quot;:[]},&quot;_transform_translateY_effect&quot;:{&quot;unit&quot;:&quot;px&quot;,&quot;size&quot;:122,&quot;sizes&quot;:[]},&quot;_transform_translateX_effect_tablet&quot;:{&quot;unit&quot;:&quot;px&quot;,&quot;size&quot;:&quot;&quot;,&quot;sizes&quot;:[]},&quot;_transform_translateY_effect_tablet&quot;:{&quot;unit&quot;:&quot;px&quot;,&quot;size&quot;:&quot;&quot;,&quot;sizes&quot;:[]}}\" data-widget_type=\"icon-list.default\">\n\t\t\t\t<div class=\"elementor-widget-container\">\n\t\t\t<link rel=\"stylesheet\" href=\"https:\/\/skalaservis.cz\/web\/wp-content\/plugins\/elementor\/assets\/css\/widget-icon-list.min.css\">\t\t<ul class=\"elementor-icon-list-items\">\n\t\t\t\t\t\t\t<li class=\"elementor-icon-list-item\">\n\t\t\t\t\t\t\t\t\t\t\t<span class=\"elementor-icon-list-icon\">\n\t\t\t\t\t\t\t<i aria-hidden=\"true\" class=\"fas fa-male\"><\/i>\t\t\t\t\t\t<\/span>\n\t\t\t\t\t\t\t\t\t\t<span class=\"elementor-icon-list-text\">Ing. Roman Skala<\/span>\n\t\t\t\t\t\t\t\t\t<\/li>\n\t\t\t\t\t\t\t\t<li class=\"elementor-icon-list-item\">\n\t\t\t\t\t\t\t\t\t\t\t<span class=\"elementor-icon-list-icon\">\n\t\t\t\t\t\t\t<i aria-hidden=\"true\" class=\"fas fa-mobile-alt\"><\/i>\t\t\t\t\t\t<\/span>\n\t\t\t\t\t\t\t\t\t\t<span class=\"elementor-icon-list-text\">+420 724 203 836 \/ +420 602 489 858<\/span>\n\t\t\t\t\t\t\t\t\t<\/li>\n\t\t\t\t\t\t\t\t<li class=\"elementor-icon-list-item\">\n\t\t\t\t\t\t\t\t\t\t\t<span class=\"elementor-icon-list-icon\">\n\t\t\t\t\t\t\t<i aria-hidden=\"true\" class=\"far fa-envelope\"><\/i>\t\t\t\t\t\t<\/span>\n\t\t\t\t\t\t\t\t\t\t<span class=\"elementor-icon-list-text\">skalaservis@skalaservis.cz<\/span>\n\t\t\t\t\t\t\t\t\t<\/li>\n\t\t\t\t\t\t\t\t<li class=\"elementor-icon-list-item\">\n\t\t\t\t\t\t\t\t\t\t\t<span class=\"elementor-icon-list-icon\">\n\t\t\t\t\t\t\t<i aria-hidden=\"true\" class=\"fas fa-home\"><\/i>\t\t\t\t\t\t<\/span>\n\t\t\t\t\t\t\t\t\t\t<span class=\"elementor-icon-list-text\">Arbesova 148\/5, Klatovy 339 01<\/span>\n\t\t\t\t\t\t\t\t\t<\/li>\n\t\t\t\t\t\t\t\t<li class=\"elementor-icon-list-item\">\n\t\t\t\t\t\t\t\t\t\t<span class=\"elementor-icon-list-text\">I\u010cO: 648 62 747<\/span>\n\t\t\t\t\t\t\t\t\t<\/li>\n\t\t\t\t\t\t\t\t<li class=\"elementor-icon-list-item\">\n\t\t\t\t\t\t\t\t\t\t<span class=\"elementor-icon-list-text\">DI\u010c: CZ7711222013<\/span>\n\t\t\t\t\t\t\t\t\t<\/li>\n\t\t\t\t\t\t<\/ul>\n\t\t\t\t<\/div>\n\t\t\t\t<\/div>\n\t\t\t\t\t<\/div>\n\t\t<\/div>\n\t\t\t\t\t<\/div>\n\t\t<\/section>\n\t\t\t\t<section class=\"elementor-section elementor-top-section elementor-element elementor-element-8ff1247 elementor-section-boxed elementor-section-height-default elementor-section-height-default\" data-id=\"8ff1247\" data-element_type=\"section\">\n\t\t\t\t\t\t<div class=\"elementor-container elementor-column-gap-default\">\n\t\t\t\t\t<div class=\"elementor-column elementor-col-100 elementor-top-column elementor-element elementor-element-d32dc5a\" data-id=\"d32dc5a\" data-element_type=\"column\">\n\t\t\t<div class=\"elementor-widget-wrap elementor-element-populated\">\n\t\t\t\t\t\t<div class=\"elementor-element elementor-element-2cad69d elementor-widget elementor-widget-spacer\" data-id=\"2cad69d\" data-element_type=\"widget\" data-widget_type=\"spacer.default\">\n\t\t\t\t<div class=\"elementor-widget-container\">\n\t\t\t<style>\/*! elementor - v3.19.0 - 28-02-2024 *\/\n.elementor-column .elementor-spacer-inner{height:var(--spacer-size)}.e-con{--container-widget-width:100%}.e-con-inner>.elementor-widget-spacer,.e-con>.elementor-widget-spacer{width:var(--container-widget-width,var(--spacer-size));--align-self:var(--container-widget-align-self,initial);--flex-shrink:0}.e-con-inner>.elementor-widget-spacer>.elementor-widget-container,.e-con>.elementor-widget-spacer>.elementor-widget-container{height:100%;width:100%}.e-con-inner>.elementor-widget-spacer>.elementor-widget-container>.elementor-spacer,.e-con>.elementor-widget-spacer>.elementor-widget-container>.elementor-spacer{height:100%}.e-con-inner>.elementor-widget-spacer>.elementor-widget-container>.elementor-spacer>.elementor-spacer-inner,.e-con>.elementor-widget-spacer>.elementor-widget-container>.elementor-spacer>.elementor-spacer-inner{height:var(--container-widget-height,var(--spacer-size))}.e-con-inner>.elementor-widget-spacer.elementor-widget-empty,.e-con>.elementor-widget-spacer.elementor-widget-empty{position:relative;min-height:22px;min-width:22px}.e-con-inner>.elementor-widget-spacer.elementor-widget-empty .elementor-widget-empty-icon,.e-con>.elementor-widget-spacer.elementor-widget-empty .elementor-widget-empty-icon{position:absolute;top:0;bottom:0;left:0;right:0;margin:auto;padding:0;width:22px;height:22px}<\/style>\t\t<div class=\"elementor-spacer\">\n\t\t\t<div class=\"elementor-spacer-inner\"><\/div>\n\t\t<\/div>\n\t\t\t\t<\/div>\n\t\t\t\t<\/div>\n\t\t\t\t\t<\/div>\n\t\t<\/div>\n\t\t\t\t\t<\/div>\n\t\t<\/section>\n\t\t\t\t<\/div>\n\t\t","protected":false},"excerpt":{"rendered":"<p>Ing. Roman Skala +420 724 203 836 \/ +420 602 489 858 skalaservis@skalaservis.cz Arbesova 148\/5, Klatovy 339 01 I\u010cO: 648 [&hellip;]<\/p>\n","protected":false},"author":1,"featured_media":0,"parent":78,"menu_order":0,"comment_status":"closed","ping_status":"closed","template":"elementor_header_footer","meta":{"site-sidebar-layout":"default","site-content-layout":"","ast-site-content-layout":"","site-content-style":"default","site-sidebar-style":"default","ast-global-header-display":"","ast-banner-title-visibility":"","ast-main-header-display":"","ast-hfb-above-header-display":"","ast-hfb-below-header-display":"","ast-hfb-mobile-header-display":"","site-post-title":"","ast-breadcrumbs-content":"","ast-featured-img":"","footer-sml-layout":"","theme-transparent-header-meta":"","adv-header-id-meta":"","stick-header-meta":"","header-above-stick-meta":"","header-main-stick-meta":"","header-below-stick-meta":"","astra-migrate-meta-layouts":"default","ast-page-background-enabled":"default","ast-page-background-meta":{"desktop":{"background-color":"var(--ast-global-color-4)","background-image":"","background-repeat":"repeat","background-position":"center center","background-size":"auto","background-attachment":"scroll","background-type":"","background-media":"","overlay-type":"","overlay-color":"","overlay-gradient":""},"tablet":{"background-color":"","background-image":"","background-repeat":"repeat","background-position":"center center","background-size":"auto","background-attachment":"scroll","background-type":"","background-media":"","overlay-type":"","overlay-color":"","overlay-gradient":""},"mobile":{"background-color":"","background-image":"","background-repeat":"repeat","background-position":"center center","background-size":"auto","background-attachment":"scroll","background-type":"","background-media":"","overlay-type":"","overlay-color":"","overlay-gradient":""}},"ast-content-background-meta":{"desktop":{"background-color":"var(--ast-global-color-5)","background-image":"","background-repeat":"repeat","background-position":"center center","background-size":"auto","background-attachment":"scroll","background-type":"","background-media":"","overlay-type":"","overlay-color":"","overlay-gradient":""},"tablet":{"background-color":"var(--ast-global-color-5)","background-image":"","background-repeat":"repeat","background-position":"center center","background-size":"auto","background-attachment":"scroll","background-type":"","background-media":"","overlay-type":"","overlay-color":"","overlay-gradient":""},"mobile":{"background-color":"var(--ast-global-color-5)","background-image":"","background-repeat":"repeat","background-position":"center center","background-size":"auto","background-attachment":"scroll","background-type":"","background-media":"","overlay-type":"","overlay-color":"","overlay-gradient":""}},"footnotes":""},"class_list":["post-15","page","type-page","status-publish","hentry"],"yoast_head":"<!-- This site is optimized with the Yoast SEO plugin v22.1 - https:\/\/yoast.com\/wordpress\/plugins\/seo\/ -->\n<title>KONTAKT -<\/title>\n<meta name=\"robots\" content=\"index, follow, max-snippet:-1, max-image-preview:large, max-video-preview:-1\" \/>\n<link rel=\"canonical\" href=\"https:\/\/skalaservis.cz\/web\/skalaservis\/nas-pribeh\/nabidka\/oteviraci-doba\/kontakt\/\" \/>\n<meta property=\"og:locale\" content=\"cs_CZ\" \/>\n<meta property=\"og:type\" content=\"article\" \/>\n<meta property=\"og:title\" content=\"KONTAKT -\" \/>\n<meta property=\"og:description\" content=\"Ing. Roman Skala +420 724 203 836 \/ +420 602 489 858 skalaservis@skalaservis.cz Arbesova 148\/5, Klatovy 339 01 I\u010cO: 648 [&hellip;]\" \/>\n<meta property=\"og:url\" content=\"https:\/\/skalaservis.cz\/web\/skalaservis\/nas-pribeh\/nabidka\/oteviraci-doba\/kontakt\/\" \/>\n<meta property=\"article:modified_time\" content=\"2024-03-02T14:27:47+00:00\" \/>\n<meta name=\"twitter:card\" content=\"summary_large_image\" \/>\n<meta name=\"twitter:label1\" content=\"Odhadovan\u00e1 doba \u010dten\u00ed\" \/>\n\t<meta name=\"twitter:data1\" content=\"1 minuta\" \/>\n<script type=\"application\/ld+json\" class=\"yoast-schema-graph\">{\"@context\":\"https:\/\/schema.org\",\"@graph\":[{\"@type\":\"WebPage\",\"@id\":\"https:\/\/skalaservis.cz\/web\/skalaservis\/nas-pribeh\/nabidka\/oteviraci-doba\/kontakt\/\",\"url\":\"https:\/\/skalaservis.cz\/web\/skalaservis\/nas-pribeh\/nabidka\/oteviraci-doba\/kontakt\/\",\"name\":\"KONTAKT -\",\"isPartOf\":{\"@id\":\"https:\/\/skalaservis.cz\/web\/#website\"},\"datePublished\":\"2022-06-18T07:21:56+00:00\",\"dateModified\":\"2024-03-02T14:27:47+00:00\",\"breadcrumb\":{\"@id\":\"https:\/\/skalaservis.cz\/web\/skalaservis\/nas-pribeh\/nabidka\/oteviraci-doba\/kontakt\/#breadcrumb\"},\"inLanguage\":\"cs\",\"potentialAction\":[{\"@type\":\"ReadAction\",\"target\":[\"https:\/\/skalaservis.cz\/web\/skalaservis\/nas-pribeh\/nabidka\/oteviraci-doba\/kontakt\/\"]}]},{\"@type\":\"BreadcrumbList\",\"@id\":\"https:\/\/skalaservis.cz\/web\/skalaservis\/nas-pribeh\/nabidka\/oteviraci-doba\/kontakt\/#breadcrumb\",\"itemListElement\":[{\"@type\":\"ListItem\",\"position\":1,\"name\":\"Dom\u016f\",\"item\":\"https:\/\/skalaservis.cz\/web\/\"},{\"@type\":\"ListItem\",\"position\":2,\"name\":\"\u00daVOD\",\"item\":\"https:\/\/skalaservis.cz\/web\/\"},{\"@type\":\"ListItem\",\"position\":3,\"name\":\"N\u00c1\u0160 P\u0158\u00cdB\u011aH\",\"item\":\"https:\/\/skalaservis.cz\/web\/skalaservis\/nas-pribeh\/\"},{\"@type\":\"ListItem\",\"position\":4,\"name\":\"NAB\u00cdDKA\",\"item\":\"https:\/\/skalaservis.cz\/web\/skalaservis\/nas-pribeh\/nabidka\/\"},{\"@type\":\"ListItem\",\"position\":5,\"name\":\"OTEV\u00cdRAC\u00cd DOBA\",\"item\":\"https:\/\/skalaservis.cz\/web\/skalaservis\/nas-pribeh\/nabidka\/oteviraci-doba\/\"},{\"@type\":\"ListItem\",\"position\":6,\"name\":\"KONTAKT\"}]},{\"@type\":\"WebSite\",\"@id\":\"https:\/\/skalaservis.cz\/web\/#website\",\"url\":\"https:\/\/skalaservis.cz\/web\/\",\"name\":\"\",\"description\":\"\",\"publisher\":{\"@id\":\"https:\/\/skalaservis.cz\/web\/#organization\"},\"potentialAction\":[{\"@type\":\"SearchAction\",\"target\":{\"@type\":\"EntryPoint\",\"urlTemplate\":\"https:\/\/skalaservis.cz\/web\/?s={search_term_string}\"},\"query-input\":\"required name=search_term_string\"}],\"inLanguage\":\"cs\"},{\"@type\":\"Organization\",\"@id\":\"https:\/\/skalaservis.cz\/web\/#organization\",\"name\":\"Skalaservis\",\"url\":\"https:\/\/skalaservis.cz\/web\/\",\"logo\":{\"@type\":\"ImageObject\",\"inLanguage\":\"cs\",\"@id\":\"https:\/\/skalaservis.cz\/web\/#\/schema\/logo\/image\/\",\"url\":\"https:\/\/skalaservis.cz\/web\/wp-content\/uploads\/2022\/10\/skalasevis-04-e1706379405623.png\",\"contentUrl\":\"https:\/\/skalaservis.cz\/web\/wp-content\/uploads\/2022\/10\/skalasevis-04-e1706379405623.png\",\"width\":1530,\"height\":479,\"caption\":\"Skalaservis\"},\"image\":{\"@id\":\"https:\/\/skalaservis.cz\/web\/#\/schema\/logo\/image\/\"}}]}<\/script>\n<!-- \/ Yoast SEO plugin. -->","yoast_head_json":{"title":"KONTAKT -","robots":{"index":"index","follow":"follow","max-snippet":"max-snippet:-1","max-image-preview":"max-image-preview:large","max-video-preview":"max-video-preview:-1"},"canonical":"https:\/\/skalaservis.cz\/web\/skalaservis\/nas-pribeh\/nabidka\/oteviraci-doba\/kontakt\/","og_locale":"cs_CZ","og_type":"article","og_title":"KONTAKT -","og_description":"Ing. Roman Skala +420 724 203 836 \/ +420 602 489 858 skalaservis@skalaservis.cz Arbesova 148\/5, Klatovy 339 01 I\u010cO: 648 [&hellip;]","og_url":"https:\/\/skalaservis.cz\/web\/skalaservis\/nas-pribeh\/nabidka\/oteviraci-doba\/kontakt\/","article_modified_time":"2024-03-02T14:27:47+00:00","twitter_card":"summary_large_image","twitter_misc":{"Odhadovan\u00e1 doba \u010dten\u00ed":"1 minuta"},"schema":{"@context":"https:\/\/schema.org","@graph":[{"@type":"WebPage","@id":"https:\/\/skalaservis.cz\/web\/skalaservis\/nas-pribeh\/nabidka\/oteviraci-doba\/kontakt\/","url":"https:\/\/skalaservis.cz\/web\/skalaservis\/nas-pribeh\/nabidka\/oteviraci-doba\/kontakt\/","name":"KONTAKT -","isPartOf":{"@id":"https:\/\/skalaservis.cz\/web\/#website"},"datePublished":"2022-06-18T07:21:56+00:00","dateModified":"2024-03-02T14:27:47+00:00","breadcrumb":{"@id":"https:\/\/skalaservis.cz\/web\/skalaservis\/nas-pribeh\/nabidka\/oteviraci-doba\/kontakt\/#breadcrumb"},"inLanguage":"cs","potentialAction":[{"@type":"ReadAction","target":["https:\/\/skalaservis.cz\/web\/skalaservis\/nas-pribeh\/nabidka\/oteviraci-doba\/kontakt\/"]}]},{"@type":"BreadcrumbList","@id":"https:\/\/skalaservis.cz\/web\/skalaservis\/nas-pribeh\/nabidka\/oteviraci-doba\/kontakt\/#breadcrumb","itemListElement":[{"@type":"ListItem","position":1,"name":"Dom\u016f","item":"https:\/\/skalaservis.cz\/web\/"},{"@type":"ListItem","position":2,"name":"\u00daVOD","item":"https:\/\/skalaservis.cz\/web\/"},{"@type":"ListItem","position":3,"name":"N\u00c1\u0160 P\u0158\u00cdB\u011aH","item":"https:\/\/skalaservis.cz\/web\/skalaservis\/nas-pribeh\/"},{"@type":"ListItem","position":4,"name":"NAB\u00cdDKA","item":"https:\/\/skalaservis.cz\/web\/skalaservis\/nas-pribeh\/nabidka\/"},{"@type":"ListItem","position":5,"name":"OTEV\u00cdRAC\u00cd DOBA","item":"https:\/\/skalaservis.cz\/web\/skalaservis\/nas-pribeh\/nabidka\/oteviraci-doba\/"},{"@type":"ListItem","position":6,"name":"KONTAKT"}]},{"@type":"WebSite","@id":"https:\/\/skalaservis.cz\/web\/#website","url":"https:\/\/skalaservis.cz\/web\/","name":"","description":"","publisher":{"@id":"https:\/\/skalaservis.cz\/web\/#organization"},"potentialAction":[{"@type":"SearchAction","target":{"@type":"EntryPoint","urlTemplate":"https:\/\/skalaservis.cz\/web\/?s={search_term_string}"},"query-input":"required name=search_term_string"}],"inLanguage":"cs"},{"@type":"Organization","@id":"https:\/\/skalaservis.cz\/web\/#organization","name":"Skalaservis","url":"https:\/\/skalaservis.cz\/web\/","logo":{"@type":"ImageObject","inLanguage":"cs","@id":"https:\/\/skalaservis.cz\/web\/#\/schema\/logo\/image\/","url":"https:\/\/skalaservis.cz\/web\/wp-content\/uploads\/2022\/10\/skalasevis-04-e1706379405623.png","contentUrl":"https:\/\/skalaservis.cz\/web\/wp-content\/uploads\/2022\/10\/skalasevis-04-e1706379405623.png","width":1530,"height":479,"caption":"Skalaservis"},"image":{"@id":"https:\/\/skalaservis.cz\/web\/#\/schema\/logo\/image\/"}}]}},"_links":{"self":[{"href":"https:\/\/skalaservis.cz\/web\/wp-json\/wp\/v2\/pages\/15","targetHints":{"allow":["GET"]}}],"collection":[{"href":"https:\/\/skalaservis.cz\/web\/wp-json\/wp\/v2\/pages"}],"about":[{"href":"https:\/\/skalaservis.cz\/web\/wp-json\/wp\/v2\/types\/page"}],"author":[{"embeddable":true,"href":"https:\/\/skalaservis.cz\/web\/wp-json\/wp\/v2\/users\/1"}],"replies":[{"embeddable":true,"href":"https:\/\/skalaservis.cz\/web\/wp-json\/wp\/v2\/comments?post=15"}],"version-history":[{"count":15,"href":"https:\/\/skalaservis.cz\/web\/wp-json\/wp\/v2\/pages\/15\/revisions"}],"predecessor-version":[{"id":1164,"href":"https:\/\/skalaservis.cz\/web\/wp-json\/wp\/v2\/pages\/15\/revisions\/1164"}],"up":[{"embeddable":true,"href":"https:\/\/skalaservis.cz\/web\/wp-json\/wp\/v2\/pages\/78"}],"wp:attachment":[{"href":"https:\/\/skalaservis.cz\/web\/wp-json\/wp\/v2\/media?parent=15"}],"curies":[{"name":"wp","href":"https:\/\/api.w.org\/{rel}","templated":true}]}}